{"id":36558,"date":"2024-04-10T11:40:03","date_gmt":"2024-04-10T09:40:03","guid":{"rendered":"https:\/\/skoon.es\/tienda\/afilador-electrico-tormek-t-2\/"},"modified":"2024-11-15T11:19:23","modified_gmt":"2024-11-15T10:19:23","slug":"afilador-electrico-tormek-t-2","status":"publish","type":"product","link":"https:\/\/skoon.es\/en\/tienda\/afilador-electrico-tormek-t-2\/","title":{"rendered":"Afilador el\u00e9ctrico &#8220;Tormek&#8221; T-2"},"content":{"rendered":"<p style=\"text-align: justify;\">Afilador de cuchillos Tormek T-2, obtienes un rectificado profesional; el concepto es un desarrollo adicional de la piedra de diamante, que en combinaci\u00f3n con un sistema de gu\u00eda innovador (patentado) le permite tener un control total del afilado; configuraci\u00f3n r\u00e1pida y f\u00e1cil; afilado profesional; siempre un \u00e1ngulo constante; rueda de diamante &#8211; para mayor nitidez; rueda compuesta &#8211; para pulir; control total de los cuchillos; afilado r\u00e1pido, un minuto es suficiente; funcionamiento silencioso. Motor industrial, monof\u00e1sico, CA. 120 W (entrada), 100-115 V \/ 220-240 V, 50-60 Hz. Funcionamiento continuo. Sin mantenimiento. Funcionamiento silencioso, 54 dB. 10 000 horas de vida \u00fatil.<\/p>\n","protected":false},"excerpt":{"rendered":"<ul>\n<li>Marca: Tormek<\/li>\n<li>Rueda de diamante de grano fino.<\/li>\n<li>\u00c1ngulo de borde ajustable<\/li>\n<li>Rueda compuesta: para pulir<\/li>\n<li>Afilado r\u00e1pido, un minuto es suficiente<\/li>\n<li>Carcasa de pl\u00e1stico ABS de alto impacto<\/li>\n<\/ul>\n","protected":false},"featured_media":1171,"template":"","meta":{"_monsterinsights_skip_tracking":false,"_monsterinsights_sitenote_active":false,"_monsterinsights_sitenote_note":"","_monsterinsights_sitenote_category":0},"product_brand":[],"product_cat":[],"product_tag":[],"class_list":{"0":"post-36558","1":"product","2":"type-product","3":"status-publish","4":"has-post-thumbnail","6":"description-off","8":"first","9":"instock","10":"taxable","11":"shipping-taxable","12":"purchasable","13":"product-type-simple"},"yoast_head":"<!-- This site is optimized with the Yoast SEO plugin v26.9 - https:\/\/yoast.com\/product\/yoast-seo-wordpress\/ -->\n<title>Afilador el\u00e9ctrico &quot;Tormek&quot; T-2 &#8226; Skoon, Power to your Knives<\/title>\n<meta name=\"robots\" content=\"index, follow, max-snippet:-1, max-image-preview:large, max-video-preview:-1\" \/>\n<link rel=\"canonical\" href=\"https:\/\/skoon.es\/en\/tienda\/afilador-electrico-tormek-t-2\/\" \/>\n<meta property=\"og:locale\" content=\"en_US\" \/>\n<meta property=\"og:type\" content=\"article\" \/>\n<meta property=\"og:title\" content=\"Afilador el\u00e9ctrico &quot;Tormek&quot; T-2 &#8226; Skoon, Power to your Knives\" \/>\n<meta property=\"og:description\" content=\"Marca: Tormek  Rueda de diamante de grano fino.  \u00c1ngulo de borde ajustable  Rueda compuesta: para pulir  Afilado r\u00e1pido, un minuto es suficiente  Carcasa de pl\u00e1stico ABS de alto impacto\" \/>\n<meta property=\"og:url\" content=\"https:\/\/skoon.es\/en\/tienda\/afilador-electrico-tormek-t-2\/\" \/>\n<meta property=\"og:site_name\" content=\"Skoon, Power to your Knives\" \/>\n<meta property=\"article:modified_time\" content=\"2024-11-15T10:19:23+00:00\" \/>\n<meta property=\"og:image\" content=\"https:\/\/skoon.es\/wp-content\/uploads\/2024\/04\/afilador-tormek-skoon.jpg\" \/>\n\t<meta property=\"og:image:width\" content=\"1000\" \/>\n\t<meta property=\"og:image:height\" content=\"1000\" \/>\n\t<meta property=\"og:image:type\" content=\"image\/jpeg\" \/>\n<meta name=\"twitter:card\" content=\"summary_large_image\" \/>\n<meta name=\"twitter:label1\" content=\"Est. reading time\" \/>\n\t<meta name=\"twitter:data1\" content=\"1 minute\" \/>\n<script type=\"application\/ld+json\" class=\"yoast-schema-graph\">{\"@context\":\"https:\/\/schema.org\",\"@graph\":[{\"@type\":\"WebPage\",\"@id\":\"https:\/\/skoon.es\/en\/tienda\/afilador-electrico-tormek-t-2\/\",\"url\":\"https:\/\/skoon.es\/en\/tienda\/afilador-electrico-tormek-t-2\/\",\"name\":\"Afilador el\u00e9ctrico \\\"Tormek\\\" T-2 &#8226; Skoon, Power to your Knives\",\"isPartOf\":{\"@id\":\"https:\/\/skoon.es\/en\/#website\"},\"primaryImageOfPage\":{\"@id\":\"https:\/\/skoon.es\/en\/tienda\/afilador-electrico-tormek-t-2\/#primaryimage\"},\"image\":{\"@id\":\"https:\/\/skoon.es\/en\/tienda\/afilador-electrico-tormek-t-2\/#primaryimage\"},\"thumbnailUrl\":\"https:\/\/skoon.es\/wp-content\/uploads\/2024\/04\/afilador-tormek-skoon.jpg\",\"datePublished\":\"2024-04-10T09:40:03+00:00\",\"dateModified\":\"2024-11-15T10:19:23+00:00\",\"breadcrumb\":{\"@id\":\"https:\/\/skoon.es\/en\/tienda\/afilador-electrico-tormek-t-2\/#breadcrumb\"},\"inLanguage\":\"en-US\",\"potentialAction\":[{\"@type\":\"ReadAction\",\"target\":[\"https:\/\/skoon.es\/en\/tienda\/afilador-electrico-tormek-t-2\/\"]}]},{\"@type\":\"ImageObject\",\"inLanguage\":\"en-US\",\"@id\":\"https:\/\/skoon.es\/en\/tienda\/afilador-electrico-tormek-t-2\/#primaryimage\",\"url\":\"https:\/\/skoon.es\/wp-content\/uploads\/2024\/04\/afilador-tormek-skoon.jpg\",\"contentUrl\":\"https:\/\/skoon.es\/wp-content\/uploads\/2024\/04\/afilador-tormek-skoon.jpg\",\"width\":1000,\"height\":1000,\"caption\":\"Afilador el\u00e9ctrico \\\"Tormek\\\" T-2, Skoon, Power to your knives\"},{\"@type\":\"BreadcrumbList\",\"@id\":\"https:\/\/skoon.es\/en\/tienda\/afilador-electrico-tormek-t-2\/#breadcrumb\",\"itemListElement\":[{\"@type\":\"ListItem\",\"position\":1,\"name\":\"Portada\",\"item\":\"https:\/\/skoon.es\/en\/\"},{\"@type\":\"ListItem\",\"position\":2,\"name\":\"Tienda\",\"item\":\"https:\/\/skoon.es\/tienda\/\"},{\"@type\":\"ListItem\",\"position\":3,\"name\":\"Afilador el\u00e9ctrico \u00abTormek\u00bb T-2\"}]},{\"@type\":\"WebSite\",\"@id\":\"https:\/\/skoon.es\/en\/#website\",\"url\":\"https:\/\/skoon.es\/en\/\",\"name\":\"Skoon, Power to your Knives\",\"description\":\"\",\"publisher\":{\"@id\":\"https:\/\/skoon.es\/en\/#organization\"},\"potentialAction\":[{\"@type\":\"SearchAction\",\"target\":{\"@type\":\"EntryPoint\",\"urlTemplate\":\"https:\/\/skoon.es\/en\/?s={search_term_string}\"},\"query-input\":{\"@type\":\"PropertyValueSpecification\",\"valueRequired\":true,\"valueName\":\"search_term_string\"}}],\"inLanguage\":\"en-US\"},{\"@type\":\"Organization\",\"@id\":\"https:\/\/skoon.es\/en\/#organization\",\"name\":\"Skoon, Power to your Knives\",\"url\":\"https:\/\/skoon.es\/en\/\",\"logo\":{\"@type\":\"ImageObject\",\"inLanguage\":\"en-US\",\"@id\":\"https:\/\/skoon.es\/en\/#\/schema\/logo\/image\/\",\"url\":\"https:\/\/skoon.es\/wp-content\/uploads\/2022\/03\/skoon-logotipo-negro.png\",\"contentUrl\":\"https:\/\/skoon.es\/wp-content\/uploads\/2022\/03\/skoon-logotipo-negro.png\",\"width\":200,\"height\":52,\"caption\":\"Skoon, Power to your Knives\"},\"image\":{\"@id\":\"https:\/\/skoon.es\/en\/#\/schema\/logo\/image\/\"}}]}<\/script>\n<!-- \/ Yoast SEO plugin. -->","yoast_head_json":{"title":"Afilador el\u00e9ctrico \"Tormek\" T-2 &#8226; Skoon, Power to your Knives","robots":{"index":"index","follow":"follow","max-snippet":"max-snippet:-1","max-image-preview":"max-image-preview:large","max-video-preview":"max-video-preview:-1"},"canonical":"https:\/\/skoon.es\/en\/tienda\/afilador-electrico-tormek-t-2\/","og_locale":"en_US","og_type":"article","og_title":"Afilador el\u00e9ctrico \"Tormek\" T-2 &#8226; Skoon, Power to your Knives","og_description":"Marca: Tormek  Rueda de diamante de grano fino.  \u00c1ngulo de borde ajustable  Rueda compuesta: para pulir  Afilado r\u00e1pido, un minuto es suficiente  Carcasa de pl\u00e1stico ABS de alto impacto","og_url":"https:\/\/skoon.es\/en\/tienda\/afilador-electrico-tormek-t-2\/","og_site_name":"Skoon, Power to your Knives","article_modified_time":"2024-11-15T10:19:23+00:00","og_image":[{"width":1000,"height":1000,"url":"https:\/\/skoon.es\/wp-content\/uploads\/2024\/04\/afilador-tormek-skoon.jpg","type":"image\/jpeg"}],"twitter_card":"summary_large_image","twitter_misc":{"Est. reading time":"1 minute"},"schema":{"@context":"https:\/\/schema.org","@graph":[{"@type":"WebPage","@id":"https:\/\/skoon.es\/en\/tienda\/afilador-electrico-tormek-t-2\/","url":"https:\/\/skoon.es\/en\/tienda\/afilador-electrico-tormek-t-2\/","name":"Afilador el\u00e9ctrico \"Tormek\" T-2 &#8226; Skoon, Power to your Knives","isPartOf":{"@id":"https:\/\/skoon.es\/en\/#website"},"primaryImageOfPage":{"@id":"https:\/\/skoon.es\/en\/tienda\/afilador-electrico-tormek-t-2\/#primaryimage"},"image":{"@id":"https:\/\/skoon.es\/en\/tienda\/afilador-electrico-tormek-t-2\/#primaryimage"},"thumbnailUrl":"https:\/\/skoon.es\/wp-content\/uploads\/2024\/04\/afilador-tormek-skoon.jpg","datePublished":"2024-04-10T09:40:03+00:00","dateModified":"2024-11-15T10:19:23+00:00","breadcrumb":{"@id":"https:\/\/skoon.es\/en\/tienda\/afilador-electrico-tormek-t-2\/#breadcrumb"},"inLanguage":"en-US","potentialAction":[{"@type":"ReadAction","target":["https:\/\/skoon.es\/en\/tienda\/afilador-electrico-tormek-t-2\/"]}]},{"@type":"ImageObject","inLanguage":"en-US","@id":"https:\/\/skoon.es\/en\/tienda\/afilador-electrico-tormek-t-2\/#primaryimage","url":"https:\/\/skoon.es\/wp-content\/uploads\/2024\/04\/afilador-tormek-skoon.jpg","contentUrl":"https:\/\/skoon.es\/wp-content\/uploads\/2024\/04\/afilador-tormek-skoon.jpg","width":1000,"height":1000,"caption":"Afilador el\u00e9ctrico \"Tormek\" T-2, Skoon, Power to your knives"},{"@type":"BreadcrumbList","@id":"https:\/\/skoon.es\/en\/tienda\/afilador-electrico-tormek-t-2\/#breadcrumb","itemListElement":[{"@type":"ListItem","position":1,"name":"Portada","item":"https:\/\/skoon.es\/en\/"},{"@type":"ListItem","position":2,"name":"Tienda","item":"https:\/\/skoon.es\/tienda\/"},{"@type":"ListItem","position":3,"name":"Afilador el\u00e9ctrico \u00abTormek\u00bb T-2"}]},{"@type":"WebSite","@id":"https:\/\/skoon.es\/en\/#website","url":"https:\/\/skoon.es\/en\/","name":"Skoon, Power to your Knives","description":"","publisher":{"@id":"https:\/\/skoon.es\/en\/#organization"},"potentialAction":[{"@type":"SearchAction","target":{"@type":"EntryPoint","urlTemplate":"https:\/\/skoon.es\/en\/?s={search_term_string}"},"query-input":{"@type":"PropertyValueSpecification","valueRequired":true,"valueName":"search_term_string"}}],"inLanguage":"en-US"},{"@type":"Organization","@id":"https:\/\/skoon.es\/en\/#organization","name":"Skoon, Power to your Knives","url":"https:\/\/skoon.es\/en\/","logo":{"@type":"ImageObject","inLanguage":"en-US","@id":"https:\/\/skoon.es\/en\/#\/schema\/logo\/image\/","url":"https:\/\/skoon.es\/wp-content\/uploads\/2022\/03\/skoon-logotipo-negro.png","contentUrl":"https:\/\/skoon.es\/wp-content\/uploads\/2022\/03\/skoon-logotipo-negro.png","width":200,"height":52,"caption":"Skoon, Power to your Knives"},"image":{"@id":"https:\/\/skoon.es\/en\/#\/schema\/logo\/image\/"}}]}},"_links":{"self":[{"href":"https:\/\/skoon.es\/en\/wp-json\/wp\/v2\/product\/36558","targetHints":{"allow":["GET"]}}],"collection":[{"href":"https:\/\/skoon.es\/en\/wp-json\/wp\/v2\/product"}],"about":[{"href":"https:\/\/skoon.es\/en\/wp-json\/wp\/v2\/types\/product"}],"wp:featuredmedia":[{"embeddable":true,"href":"https:\/\/skoon.es\/en\/wp-json\/wp\/v2\/media\/1171"}],"wp:attachment":[{"href":"https:\/\/skoon.es\/en\/wp-json\/wp\/v2\/media?parent=36558"}],"wp:term":[{"taxonomy":"product_brand","embeddable":true,"href":"https:\/\/skoon.es\/en\/wp-json\/wp\/v2\/product_brand?post=36558"},{"taxonomy":"product_cat","embeddable":true,"href":"https:\/\/skoon.es\/en\/wp-json\/wp\/v2\/product_cat?post=36558"},{"taxonomy":"product_tag","embeddable":true,"href":"https:\/\/skoon.es\/en\/wp-json\/wp\/v2\/product_tag?post=36558"}],"curies":[{"name":"wp","href":"https:\/\/api.w.org\/{rel}","templated":true}]}}