{"id":36556,"date":"2024-04-10T11:48:27","date_gmt":"2024-04-10T09:48:27","guid":{"rendered":"https:\/\/skoon.es\/tienda\/afilador-electrico-chefs-choice-2100-metalizado-intensivo\/"},"modified":"2024-11-15T11:15:55","modified_gmt":"2024-11-15T10:15:55","slug":"afilador-electrico-chefs-choice-2100-metalizado-intensivo","status":"publish","type":"product","link":"https:\/\/skoon.es\/en\/tienda\/afilador-electrico-chefs-choice-2100-metalizado-intensivo\/","title":{"rendered":"Afilador el\u00e9ctrico Chef\u00b4s Choice 2100 metalizado intensivo"},"content":{"rendered":"<p style=\"text-align: justify;\">El afilador el\u00e9ctrico 2100 est\u00e1 dise\u00f1ado para un uso profesional intensivo. Su robusta carcasa met\u00e1lica es ideal para trabajos de afilado en restaurantes, carnicer\u00edas y todo tipo de usos profesionales. Este afilador el\u00e9ctrico te permitir\u00e1 ahorrar tiempo, dinero y aumentar tu nivel de seguridad en el manejo de los cuchillos. Sus muelas abrasivas de diamante se conservar\u00e1n en \u00f3ptimas condiciones durante a\u00f1os sin necesidad de reparaci\u00f3n o reemplazo. A diferencia de otros afiladores el\u00e9ctricos, el Chef&#8217;s Choice 2100 posee un m\u00f3dulo de afilado recambiable con una vida \u00fatil superior a 3000 afilados tras la cual basta con sustituirlo y el afilador funcionar\u00e1 en perfectas condiciones como el primer d\u00eda. Los afiladores de cuchillos Chef&#8217;s Choice son actualmente los mejores afiladores del mercado. Son afiladores el\u00e9ctricos de alta precisi\u00f3n dise\u00f1ados para proporcionar un afilado perfecto. Hay tres fases de afilado. En la fase 1 se afilan los cuchillos sin filo para terminar con un nuevo filo. Afila el cuchillo en la fase 2 para afilar el filo. En la fase 2 se afina el filo finamente. Tambi\u00e9n se utiliza esta fase si se quiere mantener el afilado del cuchillo. En la fase 3, el cuchillo se afila para crear un filo sin rebabas y bien afilado. Los cuchillos dentados tambi\u00e9n pueden afilarse durante esta fase. Puedes retirar f\u00e1cilmente el m\u00f3dulo de afilado y limpiarlo a mano o en el lavavajillas. Adem\u00e1s de limpiar el m\u00f3dulo de afilado, tambi\u00e9n hay que vaciar el contenedor de almacenamiento situado debajo del m\u00f3dulo de afilado. Este recipiente recoge todo el metal que se retira al afilar el cuchillo.<\/p>\n","protected":false},"excerpt":{"rendered":"<ul>\n<li class=\"text-black text-base my-0 ml-[5px] pl-0 leading-[1.9]\">Carcasa de metal muy resistente<\/li>\n<li class=\"text-black text-base my-0 ml-[5px] pl-0 leading-[1.9]\">Muelas abrasivas de diamante para un afilado perfecto y de larga duraci\u00f3n<\/li>\n<li class=\"text-black text-base my-0 ml-[5px] pl-0 leading-[1.9]\">M\u00f3dulo de afilado lavable y recambiable (vida \u00fatil del m\u00f3dulo superior a 3000 afilados)<\/li>\n<li class=\"text-black text-base my-0 ml-[5px] pl-0 leading-[1.9]\">Proceso de afilado en 3 sencillas etapas<\/li>\n<li class=\"text-black text-base my-0 ml-[5px] pl-0 leading-[1.9]\">Apto para cuchillos de filos liso o serrado<\/li>\n<\/ul>\n","protected":false},"featured_media":1177,"template":"","meta":{"_monsterinsights_skip_tracking":false,"_monsterinsights_sitenote_active":false,"_monsterinsights_sitenote_note":"","_monsterinsights_sitenote_category":0},"product_brand":[],"product_cat":[],"product_tag":[],"class_list":{"0":"post-36556","1":"product","2":"type-product","3":"status-publish","4":"has-post-thumbnail","6":"description-off","8":"first","9":"instock","10":"taxable","11":"shipping-taxable","12":"purchasable","13":"product-type-simple"},"yoast_head":"<!-- This site is optimized with the Yoast SEO plugin v26.9 - https:\/\/yoast.com\/product\/yoast-seo-wordpress\/ -->\n<title>Afilador el\u00e9ctrico Chef\u00b4s Choice 2100 metalizado intensivo &#8226; Skoon, Power to your Knives<\/title>\n<meta name=\"robots\" content=\"index, follow, max-snippet:-1, max-image-preview:large, max-video-preview:-1\" \/>\n<link rel=\"canonical\" href=\"https:\/\/skoon.es\/en\/tienda\/afilador-electrico-chefs-choice-2100-metalizado-intensivo\/\" \/>\n<meta property=\"og:locale\" content=\"en_US\" \/>\n<meta property=\"og:type\" content=\"article\" \/>\n<meta property=\"og:title\" content=\"Afilador el\u00e9ctrico Chef\u00b4s Choice 2100 metalizado intensivo &#8226; Skoon, Power to your Knives\" \/>\n<meta property=\"og:description\" content=\"Carcasa de metal muy resistente  Muelas abrasivas de diamante para un afilado perfecto y de larga duraci\u00f3n  M\u00f3dulo de afilado lavable y recambiable (vida \u00fatil del m\u00f3dulo superior a 3000 afilados)  Proceso de afilado en 3 sencillas etapas  Apto para cuchillos de filos liso o serrado\" \/>\n<meta property=\"og:url\" content=\"https:\/\/skoon.es\/en\/tienda\/afilador-electrico-chefs-choice-2100-metalizado-intensivo\/\" \/>\n<meta property=\"og:site_name\" content=\"Skoon, Power to your Knives\" \/>\n<meta property=\"article:modified_time\" content=\"2024-11-15T10:15:55+00:00\" \/>\n<meta property=\"og:image\" content=\"https:\/\/skoon.es\/wp-content\/uploads\/2024\/04\/afilador-chef-choice-2000-skoon.jpg\" \/>\n\t<meta property=\"og:image:width\" content=\"1000\" \/>\n\t<meta property=\"og:image:height\" content=\"1000\" \/>\n\t<meta property=\"og:image:type\" content=\"image\/jpeg\" \/>\n<meta name=\"twitter:card\" content=\"summary_large_image\" \/>\n<meta name=\"twitter:label1\" content=\"Est. reading time\" \/>\n\t<meta name=\"twitter:data1\" content=\"1 minute\" \/>\n<script type=\"application\/ld+json\" class=\"yoast-schema-graph\">{\"@context\":\"https:\/\/schema.org\",\"@graph\":[{\"@type\":\"WebPage\",\"@id\":\"https:\/\/skoon.es\/en\/tienda\/afilador-electrico-chefs-choice-2100-metalizado-intensivo\/\",\"url\":\"https:\/\/skoon.es\/en\/tienda\/afilador-electrico-chefs-choice-2100-metalizado-intensivo\/\",\"name\":\"Afilador el\u00e9ctrico Chef\u00b4s Choice 2100 metalizado intensivo &#8226; Skoon, Power to your Knives\",\"isPartOf\":{\"@id\":\"https:\/\/skoon.es\/en\/#website\"},\"primaryImageOfPage\":{\"@id\":\"https:\/\/skoon.es\/en\/tienda\/afilador-electrico-chefs-choice-2100-metalizado-intensivo\/#primaryimage\"},\"image\":{\"@id\":\"https:\/\/skoon.es\/en\/tienda\/afilador-electrico-chefs-choice-2100-metalizado-intensivo\/#primaryimage\"},\"thumbnailUrl\":\"https:\/\/skoon.es\/wp-content\/uploads\/2024\/04\/afilador-chef-choice-2000-skoon.jpg\",\"datePublished\":\"2024-04-10T09:48:27+00:00\",\"dateModified\":\"2024-11-15T10:15:55+00:00\",\"breadcrumb\":{\"@id\":\"https:\/\/skoon.es\/en\/tienda\/afilador-electrico-chefs-choice-2100-metalizado-intensivo\/#breadcrumb\"},\"inLanguage\":\"en-US\",\"potentialAction\":[{\"@type\":\"ReadAction\",\"target\":[\"https:\/\/skoon.es\/en\/tienda\/afilador-electrico-chefs-choice-2100-metalizado-intensivo\/\"]}]},{\"@type\":\"ImageObject\",\"inLanguage\":\"en-US\",\"@id\":\"https:\/\/skoon.es\/en\/tienda\/afilador-electrico-chefs-choice-2100-metalizado-intensivo\/#primaryimage\",\"url\":\"https:\/\/skoon.es\/wp-content\/uploads\/2024\/04\/afilador-chef-choice-2000-skoon.jpg\",\"contentUrl\":\"https:\/\/skoon.es\/wp-content\/uploads\/2024\/04\/afilador-chef-choice-2000-skoon.jpg\",\"width\":1000,\"height\":1000,\"caption\":\"Afilador el\u00e9ctrico Chef\u00b4s Choice 2100 metalizado intensivo, Skoon, Power to your knives\"},{\"@type\":\"BreadcrumbList\",\"@id\":\"https:\/\/skoon.es\/en\/tienda\/afilador-electrico-chefs-choice-2100-metalizado-intensivo\/#breadcrumb\",\"itemListElement\":[{\"@type\":\"ListItem\",\"position\":1,\"name\":\"Portada\",\"item\":\"https:\/\/skoon.es\/en\/\"},{\"@type\":\"ListItem\",\"position\":2,\"name\":\"Tienda\",\"item\":\"https:\/\/skoon.es\/tienda\/\"},{\"@type\":\"ListItem\",\"position\":3,\"name\":\"Afilador el\u00e9ctrico Chef\u00b4s Choice 2100 metalizado intensivo\"}]},{\"@type\":\"WebSite\",\"@id\":\"https:\/\/skoon.es\/en\/#website\",\"url\":\"https:\/\/skoon.es\/en\/\",\"name\":\"Skoon, Power to your Knives\",\"description\":\"\",\"publisher\":{\"@id\":\"https:\/\/skoon.es\/en\/#organization\"},\"potentialAction\":[{\"@type\":\"SearchAction\",\"target\":{\"@type\":\"EntryPoint\",\"urlTemplate\":\"https:\/\/skoon.es\/en\/?s={search_term_string}\"},\"query-input\":{\"@type\":\"PropertyValueSpecification\",\"valueRequired\":true,\"valueName\":\"search_term_string\"}}],\"inLanguage\":\"en-US\"},{\"@type\":\"Organization\",\"@id\":\"https:\/\/skoon.es\/en\/#organization\",\"name\":\"Skoon, Power to your Knives\",\"url\":\"https:\/\/skoon.es\/en\/\",\"logo\":{\"@type\":\"ImageObject\",\"inLanguage\":\"en-US\",\"@id\":\"https:\/\/skoon.es\/en\/#\/schema\/logo\/image\/\",\"url\":\"https:\/\/skoon.es\/wp-content\/uploads\/2022\/03\/skoon-logotipo-negro.png\",\"contentUrl\":\"https:\/\/skoon.es\/wp-content\/uploads\/2022\/03\/skoon-logotipo-negro.png\",\"width\":200,\"height\":52,\"caption\":\"Skoon, Power to your Knives\"},\"image\":{\"@id\":\"https:\/\/skoon.es\/en\/#\/schema\/logo\/image\/\"}}]}<\/script>\n<!-- \/ Yoast SEO plugin. -->","yoast_head_json":{"title":"Afilador el\u00e9ctrico Chef\u00b4s Choice 2100 metalizado intensivo &#8226; Skoon, Power to your Knives","robots":{"index":"index","follow":"follow","max-snippet":"max-snippet:-1","max-image-preview":"max-image-preview:large","max-video-preview":"max-video-preview:-1"},"canonical":"https:\/\/skoon.es\/en\/tienda\/afilador-electrico-chefs-choice-2100-metalizado-intensivo\/","og_locale":"en_US","og_type":"article","og_title":"Afilador el\u00e9ctrico Chef\u00b4s Choice 2100 metalizado intensivo &#8226; Skoon, Power to your Knives","og_description":"Carcasa de metal muy resistente  Muelas abrasivas de diamante para un afilado perfecto y de larga duraci\u00f3n  M\u00f3dulo de afilado lavable y recambiable (vida \u00fatil del m\u00f3dulo superior a 3000 afilados)  Proceso de afilado en 3 sencillas etapas  Apto para cuchillos de filos liso o serrado","og_url":"https:\/\/skoon.es\/en\/tienda\/afilador-electrico-chefs-choice-2100-metalizado-intensivo\/","og_site_name":"Skoon, Power to your Knives","article_modified_time":"2024-11-15T10:15:55+00:00","og_image":[{"width":1000,"height":1000,"url":"https:\/\/skoon.es\/wp-content\/uploads\/2024\/04\/afilador-chef-choice-2000-skoon.jpg","type":"image\/jpeg"}],"twitter_card":"summary_large_image","twitter_misc":{"Est. reading time":"1 minute"},"schema":{"@context":"https:\/\/schema.org","@graph":[{"@type":"WebPage","@id":"https:\/\/skoon.es\/en\/tienda\/afilador-electrico-chefs-choice-2100-metalizado-intensivo\/","url":"https:\/\/skoon.es\/en\/tienda\/afilador-electrico-chefs-choice-2100-metalizado-intensivo\/","name":"Afilador el\u00e9ctrico Chef\u00b4s Choice 2100 metalizado intensivo &#8226; Skoon, Power to your Knives","isPartOf":{"@id":"https:\/\/skoon.es\/en\/#website"},"primaryImageOfPage":{"@id":"https:\/\/skoon.es\/en\/tienda\/afilador-electrico-chefs-choice-2100-metalizado-intensivo\/#primaryimage"},"image":{"@id":"https:\/\/skoon.es\/en\/tienda\/afilador-electrico-chefs-choice-2100-metalizado-intensivo\/#primaryimage"},"thumbnailUrl":"https:\/\/skoon.es\/wp-content\/uploads\/2024\/04\/afilador-chef-choice-2000-skoon.jpg","datePublished":"2024-04-10T09:48:27+00:00","dateModified":"2024-11-15T10:15:55+00:00","breadcrumb":{"@id":"https:\/\/skoon.es\/en\/tienda\/afilador-electrico-chefs-choice-2100-metalizado-intensivo\/#breadcrumb"},"inLanguage":"en-US","potentialAction":[{"@type":"ReadAction","target":["https:\/\/skoon.es\/en\/tienda\/afilador-electrico-chefs-choice-2100-metalizado-intensivo\/"]}]},{"@type":"ImageObject","inLanguage":"en-US","@id":"https:\/\/skoon.es\/en\/tienda\/afilador-electrico-chefs-choice-2100-metalizado-intensivo\/#primaryimage","url":"https:\/\/skoon.es\/wp-content\/uploads\/2024\/04\/afilador-chef-choice-2000-skoon.jpg","contentUrl":"https:\/\/skoon.es\/wp-content\/uploads\/2024\/04\/afilador-chef-choice-2000-skoon.jpg","width":1000,"height":1000,"caption":"Afilador el\u00e9ctrico Chef\u00b4s Choice 2100 metalizado intensivo, Skoon, Power to your knives"},{"@type":"BreadcrumbList","@id":"https:\/\/skoon.es\/en\/tienda\/afilador-electrico-chefs-choice-2100-metalizado-intensivo\/#breadcrumb","itemListElement":[{"@type":"ListItem","position":1,"name":"Portada","item":"https:\/\/skoon.es\/en\/"},{"@type":"ListItem","position":2,"name":"Tienda","item":"https:\/\/skoon.es\/tienda\/"},{"@type":"ListItem","position":3,"name":"Afilador el\u00e9ctrico Chef\u00b4s Choice 2100 metalizado intensivo"}]},{"@type":"WebSite","@id":"https:\/\/skoon.es\/en\/#website","url":"https:\/\/skoon.es\/en\/","name":"Skoon, Power to your Knives","description":"","publisher":{"@id":"https:\/\/skoon.es\/en\/#organization"},"potentialAction":[{"@type":"SearchAction","target":{"@type":"EntryPoint","urlTemplate":"https:\/\/skoon.es\/en\/?s={search_term_string}"},"query-input":{"@type":"PropertyValueSpecification","valueRequired":true,"valueName":"search_term_string"}}],"inLanguage":"en-US"},{"@type":"Organization","@id":"https:\/\/skoon.es\/en\/#organization","name":"Skoon, Power to your Knives","url":"https:\/\/skoon.es\/en\/","logo":{"@type":"ImageObject","inLanguage":"en-US","@id":"https:\/\/skoon.es\/en\/#\/schema\/logo\/image\/","url":"https:\/\/skoon.es\/wp-content\/uploads\/2022\/03\/skoon-logotipo-negro.png","contentUrl":"https:\/\/skoon.es\/wp-content\/uploads\/2022\/03\/skoon-logotipo-negro.png","width":200,"height":52,"caption":"Skoon, Power to your Knives"},"image":{"@id":"https:\/\/skoon.es\/en\/#\/schema\/logo\/image\/"}}]}},"_links":{"self":[{"href":"https:\/\/skoon.es\/en\/wp-json\/wp\/v2\/product\/36556","targetHints":{"allow":["GET"]}}],"collection":[{"href":"https:\/\/skoon.es\/en\/wp-json\/wp\/v2\/product"}],"about":[{"href":"https:\/\/skoon.es\/en\/wp-json\/wp\/v2\/types\/product"}],"wp:featuredmedia":[{"embeddable":true,"href":"https:\/\/skoon.es\/en\/wp-json\/wp\/v2\/media\/1177"}],"wp:attachment":[{"href":"https:\/\/skoon.es\/en\/wp-json\/wp\/v2\/media?parent=36556"}],"wp:term":[{"taxonomy":"product_brand","embeddable":true,"href":"https:\/\/skoon.es\/en\/wp-json\/wp\/v2\/product_brand?post=36556"},{"taxonomy":"product_cat","embeddable":true,"href":"https:\/\/skoon.es\/en\/wp-json\/wp\/v2\/product_cat?post=36556"},{"taxonomy":"product_tag","embeddable":true,"href":"https:\/\/skoon.es\/en\/wp-json\/wp\/v2\/product_tag?post=36556"}],"curies":[{"name":"wp","href":"https:\/\/api.w.org\/{rel}","templated":true}]}}