{"id":1061,"date":"2022-03-24T21:04:11","date_gmt":"2022-03-24T20:04:11","guid":{"rendered":"https:\/\/skoon.es\/tienda\/"},"modified":"2022-09-26T13:41:22","modified_gmt":"2022-09-26T11:41:22","slug":"shop","status":"publish","type":"page","link":"https:\/\/skoon.es\/en\/shop\/","title":{"rendered":"Shop"},"content":{"rendered":"<div class=\"woocommerce columns-4 \"><div class=\"wf-container dt-products  woo-hover products loading-effect-fade-in description-on-hover cart-btn-on-img hide-description wc-grid\" data-padding=\"0px\" data-cur-page=\"1\" data-desktop-columns-num=\"4\" data-v-tablet-columns-num=\"2\" data-h-tablet-columns-num=\"3\" data-phone-columns-num=\"1\">\n\n<article class=\"post visible description-off product type-product post-36558 status-publish first instock has-post-thumbnail taxable shipping-taxable purchasable product-type-simple\">\n\n\t<figure class=\"woocom-project\">\n\t<div class=\"woo-buttons-on-img\">\n\n\t\t<a href=\"https:\/\/skoon.es\/en\/tienda\/afilador-electrico-tormek-t-2\/\" class=\"alignnone layzr-bg\"><img fetchpriority=\"high\" decoding=\"async\" width=\"300\" height=\"300\" src=\"data:image\/svg+xml;charset=utf-8,%3Csvg xmlns%3D&#039;http%3A%2F%2Fwww.w3.org%2F2000%2Fsvg&#039; viewBox%3D&#039;0 0 300 300&#039;%2F%3E\" class=\"attachment-woocommerce_thumbnail size-woocommerce_thumbnail lazy-load preload-me\" alt=\"Afilador el\u00e9ctrico &quot;Tormek&quot; T-2, Skoon, Power to your knives\" data-src=\"https:\/\/skoon.es\/wp-content\/uploads\/2024\/04\/afilador-tormek-skoon-300x300.jpg\" data-srcset=\"https:\/\/skoon.es\/wp-content\/uploads\/2024\/04\/afilador-tormek-skoon-300x300.jpg 300w, https:\/\/skoon.es\/wp-content\/uploads\/2024\/04\/afilador-tormek-skoon-150x150.jpg 150w, https:\/\/skoon.es\/wp-content\/uploads\/2024\/04\/afilador-tormek-skoon-768x768.jpg 768w, https:\/\/skoon.es\/wp-content\/uploads\/2024\/04\/afilador-tormek-skoon-600x600.jpg 600w, https:\/\/skoon.es\/wp-content\/uploads\/2024\/04\/afilador-tormek-skoon-200x200.jpg 200w, https:\/\/skoon.es\/wp-content\/uploads\/2024\/04\/afilador-tormek-skoon.jpg 1000w\" \/><\/a>\n\t<\/div>\n\t<figcaption class=\"woocom-list-content\">\n\n\t\t<div class=\"woocommerce-product-details__short-description\">\n\t<ul>\n<li>Marca: Tormek<\/li>\n<li>Rueda de diamante de grano fino.<\/li>\n<li>\u00c1ngulo de borde ajustable<\/li>\n<li>Rueda compuesta: para pulir<\/li>\n<li>Afilado r\u00e1pido, un minuto es suficiente<\/li>\n<li>Carcasa de pl\u00e1stico ABS de alto impacto<\/li>\n<\/ul>\n<\/div>\n\n\t<\/figcaption>\n<\/figure>\n\n<\/article>\n\n\n\n<article class=\"post visible description-off product type-product post-36556 status-publish instock has-post-thumbnail taxable shipping-taxable purchasable product-type-simple\">\n\n\t<figure class=\"woocom-project\">\n\t<div class=\"woo-buttons-on-img\">\n\n\t\t<a href=\"https:\/\/skoon.es\/en\/tienda\/afilador-electrico-chefs-choice-2100-metalizado-intensivo\/\" class=\"alignnone layzr-bg\"><img decoding=\"async\" width=\"300\" height=\"300\" src=\"data:image\/svg+xml;charset=utf-8,%3Csvg xmlns%3D&#039;http%3A%2F%2Fwww.w3.org%2F2000%2Fsvg&#039; viewBox%3D&#039;0 0 300 300&#039;%2F%3E\" class=\"attachment-woocommerce_thumbnail size-woocommerce_thumbnail lazy-load preload-me\" alt=\"Afilador el\u00e9ctrico Chef\u00b4s Choice 2100 metalizado intensivo, Skoon, Power to your knives\" data-src=\"https:\/\/skoon.es\/wp-content\/uploads\/2024\/04\/afilador-chef-choice-2000-skoon-300x300.jpg\" data-srcset=\"https:\/\/skoon.es\/wp-content\/uploads\/2024\/04\/afilador-chef-choice-2000-skoon-300x300.jpg 300w, https:\/\/skoon.es\/wp-content\/uploads\/2024\/04\/afilador-chef-choice-2000-skoon-150x150.jpg 150w, https:\/\/skoon.es\/wp-content\/uploads\/2024\/04\/afilador-chef-choice-2000-skoon-768x768.jpg 768w, https:\/\/skoon.es\/wp-content\/uploads\/2024\/04\/afilador-chef-choice-2000-skoon-600x600.jpg 600w, https:\/\/skoon.es\/wp-content\/uploads\/2024\/04\/afilador-chef-choice-2000-skoon-200x200.jpg 200w, https:\/\/skoon.es\/wp-content\/uploads\/2024\/04\/afilador-chef-choice-2000-skoon.jpg 1000w\" \/><\/a>\n\t<\/div>\n\t<figcaption class=\"woocom-list-content\">\n\n\t\t<div class=\"woocommerce-product-details__short-description\">\n\t<ul>\n<li class=\"text-black text-base my-0 ml-[5px] pl-0 leading-[1.9]\">Carcasa de metal muy resistente<\/li>\n<li class=\"text-black text-base my-0 ml-[5px] pl-0 leading-[1.9]\">Muelas abrasivas de diamante para un afilado perfecto y de larga duraci\u00f3n<\/li>\n<li class=\"text-black text-base my-0 ml-[5px] pl-0 leading-[1.9]\">M\u00f3dulo de afilado lavable y recambiable (vida \u00fatil del m\u00f3dulo superior a 3000 afilados)<\/li>\n<li class=\"text-black text-base my-0 ml-[5px] pl-0 leading-[1.9]\">Proceso de afilado en 3 sencillas etapas<\/li>\n<li class=\"text-black text-base my-0 ml-[5px] pl-0 leading-[1.9]\">Apto para cuchillos de filos liso o serrado<\/li>\n<\/ul>\n<\/div>\n\n\t<\/figcaption>\n<\/figure>\n\n<\/article>\n\n\n\n<article class=\"post visible description-off product type-product post-36551 status-publish instock product_cat-skoon-en has-post-thumbnail taxable shipping-taxable purchasable product-type-variable\">\n\n\t<figure class=\"woocom-project\">\n\t<div class=\"woo-buttons-on-img\">\n\n\t\t<a href=\"https:\/\/skoon.es\/en\/tienda\/skoon\/\" class=\"alignnone layzr-bg\"><img decoding=\"async\" width=\"300\" height=\"300\" src=\"data:image\/svg+xml;charset=utf-8,%3Csvg xmlns%3D&#039;http%3A%2F%2Fwww.w3.org%2F2000%2Fsvg&#039; viewBox%3D&#039;0 0 300 300&#039;%2F%3E\" class=\"attachment-woocommerce_thumbnail size-woocommerce_thumbnail lazy-load preload-me\" alt=\"Skoon Rojo, Carnes Rojas, Power to your knives\" data-src=\"https:\/\/skoon.es\/wp-content\/uploads\/2022\/03\/skoon-rojo-cuadrado-300x300.jpg\" data-srcset=\"https:\/\/skoon.es\/wp-content\/uploads\/2022\/03\/skoon-rojo-cuadrado-300x300.jpg 300w, https:\/\/skoon.es\/wp-content\/uploads\/2022\/03\/skoon-rojo-cuadrado-1024x1024.jpg 1024w, https:\/\/skoon.es\/wp-content\/uploads\/2022\/03\/skoon-rojo-cuadrado-150x150.jpg 150w, https:\/\/skoon.es\/wp-content\/uploads\/2022\/03\/skoon-rojo-cuadrado-768x768.jpg 768w, https:\/\/skoon.es\/wp-content\/uploads\/2022\/03\/skoon-rojo-cuadrado-600x600.jpg 600w, https:\/\/skoon.es\/wp-content\/uploads\/2022\/03\/skoon-rojo-cuadrado-200x200.jpg 200w, https:\/\/skoon.es\/wp-content\/uploads\/2022\/03\/skoon-rojo-cuadrado.jpg 1200w\" \/><\/a>\n\t<\/div>\n\t<figcaption class=\"woocom-list-content\">\n\n\t\t<div class=\"woocommerce-product-details__short-description\">\n\t<p style=\"text-align: justify;\">SKOON is a special tool that improves the gripping of knives for a better and more powerful cut, while protecting the cook\u2019s hand from injury. We offer SKOON in four beautiful chrome effect colours. Apart from their aesthetic value, these colours have an additional function: they facilitate the correct and quick application to each of the different food groups, thus complying with all the relevant standards and norms of hygiene and food safety.<\/p>\n<\/div>\n\n\t<\/figcaption>\n<\/figure>\n\n<\/article>\n\n\n\n<article class=\"post visible description-off product type-product post-36560 status-publish last instock product_cat-skoon-en has-post-thumbnail taxable shipping-taxable purchasable product-type-variable\">\n\n\t<figure class=\"woocom-project\">\n\t<div class=\"woo-buttons-on-img\">\n\n\t\t<a href=\"https:\/\/skoon.es\/en\/tienda\/cuchillo-grande-skoon\/\" class=\"alignnone layzr-bg\"><img loading=\"lazy\" decoding=\"async\" width=\"300\" height=\"300\" src=\"data:image\/svg+xml;charset=utf-8,%3Csvg xmlns%3D&#039;http%3A%2F%2Fwww.w3.org%2F2000%2Fsvg&#039; viewBox%3D&#039;0 0 300 300&#039;%2F%3E\" class=\"attachment-woocommerce_thumbnail size-woocommerce_thumbnail lazy-load preload-me\" alt=\"Cuchillo grande SKOON azul, Power to your knives\" data-src=\"https:\/\/skoon.es\/wp-content\/uploads\/2024\/04\/cuchillo-grande-skoon-2-300x300.png\" data-srcset=\"https:\/\/skoon.es\/wp-content\/uploads\/2024\/04\/cuchillo-grande-skoon-2-300x300.png 300w, https:\/\/skoon.es\/wp-content\/uploads\/2024\/04\/cuchillo-grande-skoon-2-1024x1024.png 1024w, https:\/\/skoon.es\/wp-content\/uploads\/2024\/04\/cuchillo-grande-skoon-2-150x150.png 150w, https:\/\/skoon.es\/wp-content\/uploads\/2024\/04\/cuchillo-grande-skoon-2-768x768.png 768w, https:\/\/skoon.es\/wp-content\/uploads\/2024\/04\/cuchillo-grande-skoon-2-600x600.png 600w, https:\/\/skoon.es\/wp-content\/uploads\/2024\/04\/cuchillo-grande-skoon-2-200x200.png 200w, https:\/\/skoon.es\/wp-content\/uploads\/2024\/04\/cuchillo-grande-skoon-2.png 1200w\" \/><\/a>\n\t<\/div>\n\t<figcaption class=\"woocom-list-content\">\n\n\t\t<div class=\"woocommerce-product-details__short-description\">\n\t<ul>\n<li>Forged Cook&#8217;s Knife.<\/li>\n<li>25 cm blade.<\/li>\n<li>Forged knife all in one piece with steel reinforcement in the ferrule, riveted, with polyethylene handle, it is not advisable to put in the dishwasher.<\/li>\n<li>Also known as Onion Knife or Chef&#8217;s Knife, it is a knife of great length of blade, designed to cut comfortably all kinds of vegetables, as well as filleting all kinds of meat and fish.<\/li>\n<\/ul>\n<\/div>\n\n\t<\/figcaption>\n<\/figure>\n\n<\/article>\n\n\n\n<article class=\"post visible description-off product type-product post-36562 status-publish first instock product_cat-skoon-en has-post-thumbnail taxable shipping-taxable purchasable product-type-variable\">\n\n\t<figure class=\"woocom-project\">\n\t<div class=\"woo-buttons-on-img\">\n\n\t\t<a href=\"https:\/\/skoon.es\/en\/tienda\/cuchillo-mediano-skoon\/\" class=\"alignnone layzr-bg\"><img loading=\"lazy\" decoding=\"async\" width=\"300\" height=\"300\" src=\"data:image\/svg+xml;charset=utf-8,%3Csvg xmlns%3D&#039;http%3A%2F%2Fwww.w3.org%2F2000%2Fsvg&#039; viewBox%3D&#039;0 0 300 300&#039;%2F%3E\" class=\"attachment-woocommerce_thumbnail size-woocommerce_thumbnail lazy-load preload-me\" alt=\"Cuchillo mediano SKOON rojo, Power to your knives\" data-src=\"https:\/\/skoon.es\/wp-content\/uploads\/2024\/04\/cuchillo-mediano-skoon-rojo-300x300.jpg\" data-srcset=\"https:\/\/skoon.es\/wp-content\/uploads\/2024\/04\/cuchillo-mediano-skoon-rojo-300x300.jpg 300w, https:\/\/skoon.es\/wp-content\/uploads\/2024\/04\/cuchillo-mediano-skoon-rojo-1024x1024.jpg 1024w, https:\/\/skoon.es\/wp-content\/uploads\/2024\/04\/cuchillo-mediano-skoon-rojo-150x150.jpg 150w, https:\/\/skoon.es\/wp-content\/uploads\/2024\/04\/cuchillo-mediano-skoon-rojo-768x768.jpg 768w, https:\/\/skoon.es\/wp-content\/uploads\/2024\/04\/cuchillo-mediano-skoon-rojo-600x600.jpg 600w, https:\/\/skoon.es\/wp-content\/uploads\/2024\/04\/cuchillo-mediano-skoon-rojo-200x200.jpg 200w, https:\/\/skoon.es\/wp-content\/uploads\/2024\/04\/cuchillo-mediano-skoon-rojo.jpg 1200w\" \/><\/a>\n\t<\/div>\n\t<figcaption class=\"woocom-list-content\">\n\n\t\t<div class=\"woocommerce-product-details__short-description\">\n\t<ul>\n<li style=\"text-align: justify;\">Forged Cook&#8217;s Knife.<\/li>\n<li style=\"text-align: justify;\">20 cm blade.<\/li>\n<li style=\"text-align: justify;\">Forged knife all in one piece with steel reinforcement in the ferrule, riveted, with polyethylene handle, it is not advisable to put in the dishwasher. Also known as Onion Knife or Chef&#8217;s Knife, it is a medium length knife.<\/li>\n<li style=\"text-align: justify;\">Knife of medium blade length, designed to comfortably chop all kinds of vegetables, as well as filleting all types of meat and fish.<\/li>\n<\/ul>\n<\/div>\n\n\t<\/figcaption>\n<\/figure>\n\n<\/article>\n\n\n\n<article class=\"post visible description-off product type-product post-36553 status-publish instock product_cat-skoon-en has-post-thumbnail taxable shipping-taxable purchasable product-type-simple\">\n\n\t<figure class=\"woocom-project\">\n\t<div class=\"woo-buttons-on-img\">\n\n\t\t<a href=\"https:\/\/skoon.es\/en\/tienda\/pack-skoon\/\" class=\"alignnone layzr-bg\"><img loading=\"lazy\" decoding=\"async\" width=\"300\" height=\"300\" src=\"data:image\/svg+xml;charset=utf-8,%3Csvg xmlns%3D&#039;http%3A%2F%2Fwww.w3.org%2F2000%2Fsvg&#039; viewBox%3D&#039;0 0 300 300&#039;%2F%3E\" class=\"attachment-woocommerce_thumbnail size-woocommerce_thumbnail lazy-load preload-me\" alt=\"Skoon Pack\" data-src=\"https:\/\/skoon.es\/wp-content\/uploads\/2022\/03\/4-piezas-SKOON-formato-cuadrado-300x300.png\" data-srcset=\"https:\/\/skoon.es\/wp-content\/uploads\/2022\/03\/4-piezas-SKOON-formato-cuadrado-300x300.png 300w, https:\/\/skoon.es\/wp-content\/uploads\/2022\/03\/4-piezas-SKOON-formato-cuadrado-200x200.png 200w, https:\/\/skoon.es\/wp-content\/uploads\/2022\/03\/4-piezas-SKOON-formato-cuadrado-600x600.png 600w, https:\/\/skoon.es\/wp-content\/uploads\/2022\/03\/4-piezas-SKOON-formato-cuadrado-1024x1024.png 1024w, https:\/\/skoon.es\/wp-content\/uploads\/2022\/03\/4-piezas-SKOON-formato-cuadrado-150x150.png 150w, https:\/\/skoon.es\/wp-content\/uploads\/2022\/03\/4-piezas-SKOON-formato-cuadrado-768x768.png 768w, https:\/\/skoon.es\/wp-content\/uploads\/2022\/03\/4-piezas-SKOON-formato-cuadrado.png 1200w\" \/><\/a>\n\t<\/div>\n\t<figcaption class=\"woocom-list-content\">\n\n\t\t<div class=\"woocommerce-product-details__short-description\">\n\t<p style=\"text-align: justify;\">SKOON is a special tool that improves the gripping of knives for a better and more powerful cut, while protecting the cook\u2019s hand from injury. We offer SKOON in four beautiful chrome effect colours. Apart from their aesthetic value, these colours have an additional function: they facilitate the correct and quick application to each of the different food groups, thus complying with all the relevant standards and norms of hygiene and food safety.<\/p>\n<p>SKOON Pack colors: red, yellow, green and blue.<\/p>\n<\/div>\n\n\t<\/figcaption>\n<\/figure>\n\n<\/article>\n\n<\/div><\/div>\n","protected":false},"excerpt":{"rendered":"","protected":false},"author":3,"featured_media":0,"parent":0,"menu_order":0,"comment_status":"closed","ping_status":"closed","template":"","meta":{"_monsterinsights_skip_tracking":false,"_monsterinsights_sitenote_active":false,"_monsterinsights_sitenote_note":"","_monsterinsights_sitenote_category":0,"footnotes":""},"class_list":["post-1061","page","type-page","status-publish","hentry","description-off"],"yoast_head":"<!-- This site is optimized with the Yoast SEO plugin v26.9 - https:\/\/yoast.com\/product\/yoast-seo-wordpress\/ -->\n<title>Shop &#8226; Skoon, Power to your Knives<\/title>\n<meta name=\"robots\" content=\"index, follow, max-snippet:-1, max-image-preview:large, max-video-preview:-1\" \/>\n<link rel=\"canonical\" href=\"https:\/\/skoon.es\/en\/shop\/\" \/>\n<meta property=\"og:locale\" content=\"en_US\" \/>\n<meta property=\"og:type\" content=\"article\" \/>\n<meta property=\"og:title\" content=\"Shop &#8226; Skoon, Power to your Knives\" \/>\n<meta property=\"og:url\" content=\"https:\/\/skoon.es\/en\/shop\/\" \/>\n<meta property=\"og:site_name\" content=\"Skoon, Power to your Knives\" \/>\n<meta property=\"article:modified_time\" content=\"2022-09-26T11:41:22+00:00\" \/>\n<meta name=\"twitter:card\" content=\"summary_large_image\" \/>\n<script type=\"application\/ld+json\" class=\"yoast-schema-graph\">{\"@context\":\"https:\/\/schema.org\",\"@graph\":[{\"@type\":\"WebPage\",\"@id\":\"https:\/\/skoon.es\/en\/shop\/\",\"url\":\"https:\/\/skoon.es\/en\/shop\/\",\"name\":\"Shop &#8226; Skoon, Power to your Knives\",\"isPartOf\":{\"@id\":\"https:\/\/skoon.es\/en\/#website\"},\"datePublished\":\"2022-03-24T20:04:11+00:00\",\"dateModified\":\"2022-09-26T11:41:22+00:00\",\"breadcrumb\":{\"@id\":\"https:\/\/skoon.es\/en\/shop\/#breadcrumb\"},\"inLanguage\":\"en-US\",\"potentialAction\":[{\"@type\":\"ReadAction\",\"target\":[\"https:\/\/skoon.es\/en\/shop\/\"]}]},{\"@type\":\"BreadcrumbList\",\"@id\":\"https:\/\/skoon.es\/en\/shop\/#breadcrumb\",\"itemListElement\":[{\"@type\":\"ListItem\",\"position\":1,\"name\":\"Portada\",\"item\":\"https:\/\/skoon.es\/en\/\"},{\"@type\":\"ListItem\",\"position\":2,\"name\":\"Shop\"}]},{\"@type\":\"WebSite\",\"@id\":\"https:\/\/skoon.es\/en\/#website\",\"url\":\"https:\/\/skoon.es\/en\/\",\"name\":\"Skoon, Power to your Knives\",\"description\":\"\",\"publisher\":{\"@id\":\"https:\/\/skoon.es\/en\/#organization\"},\"potentialAction\":[{\"@type\":\"SearchAction\",\"target\":{\"@type\":\"EntryPoint\",\"urlTemplate\":\"https:\/\/skoon.es\/en\/?s={search_term_string}\"},\"query-input\":{\"@type\":\"PropertyValueSpecification\",\"valueRequired\":true,\"valueName\":\"search_term_string\"}}],\"inLanguage\":\"en-US\"},{\"@type\":\"Organization\",\"@id\":\"https:\/\/skoon.es\/en\/#organization\",\"name\":\"Skoon, Power to your Knives\",\"url\":\"https:\/\/skoon.es\/en\/\",\"logo\":{\"@type\":\"ImageObject\",\"inLanguage\":\"en-US\",\"@id\":\"https:\/\/skoon.es\/en\/#\/schema\/logo\/image\/\",\"url\":\"https:\/\/skoon.es\/wp-content\/uploads\/2022\/03\/skoon-logotipo-negro.png\",\"contentUrl\":\"https:\/\/skoon.es\/wp-content\/uploads\/2022\/03\/skoon-logotipo-negro.png\",\"width\":200,\"height\":52,\"caption\":\"Skoon, Power to your Knives\"},\"image\":{\"@id\":\"https:\/\/skoon.es\/en\/#\/schema\/logo\/image\/\"}}]}<\/script>\n<!-- \/ Yoast SEO plugin. -->","yoast_head_json":{"title":"Shop &#8226; Skoon, Power to your Knives","robots":{"index":"index","follow":"follow","max-snippet":"max-snippet:-1","max-image-preview":"max-image-preview:large","max-video-preview":"max-video-preview:-1"},"canonical":"https:\/\/skoon.es\/en\/shop\/","og_locale":"en_US","og_type":"article","og_title":"Shop &#8226; Skoon, Power to your Knives","og_url":"https:\/\/skoon.es\/en\/shop\/","og_site_name":"Skoon, Power to your Knives","article_modified_time":"2022-09-26T11:41:22+00:00","twitter_card":"summary_large_image","schema":{"@context":"https:\/\/schema.org","@graph":[{"@type":"WebPage","@id":"https:\/\/skoon.es\/en\/shop\/","url":"https:\/\/skoon.es\/en\/shop\/","name":"Shop &#8226; Skoon, Power to your Knives","isPartOf":{"@id":"https:\/\/skoon.es\/en\/#website"},"datePublished":"2022-03-24T20:04:11+00:00","dateModified":"2022-09-26T11:41:22+00:00","breadcrumb":{"@id":"https:\/\/skoon.es\/en\/shop\/#breadcrumb"},"inLanguage":"en-US","potentialAction":[{"@type":"ReadAction","target":["https:\/\/skoon.es\/en\/shop\/"]}]},{"@type":"BreadcrumbList","@id":"https:\/\/skoon.es\/en\/shop\/#breadcrumb","itemListElement":[{"@type":"ListItem","position":1,"name":"Portada","item":"https:\/\/skoon.es\/en\/"},{"@type":"ListItem","position":2,"name":"Shop"}]},{"@type":"WebSite","@id":"https:\/\/skoon.es\/en\/#website","url":"https:\/\/skoon.es\/en\/","name":"Skoon, Power to your Knives","description":"","publisher":{"@id":"https:\/\/skoon.es\/en\/#organization"},"potentialAction":[{"@type":"SearchAction","target":{"@type":"EntryPoint","urlTemplate":"https:\/\/skoon.es\/en\/?s={search_term_string}"},"query-input":{"@type":"PropertyValueSpecification","valueRequired":true,"valueName":"search_term_string"}}],"inLanguage":"en-US"},{"@type":"Organization","@id":"https:\/\/skoon.es\/en\/#organization","name":"Skoon, Power to your Knives","url":"https:\/\/skoon.es\/en\/","logo":{"@type":"ImageObject","inLanguage":"en-US","@id":"https:\/\/skoon.es\/en\/#\/schema\/logo\/image\/","url":"https:\/\/skoon.es\/wp-content\/uploads\/2022\/03\/skoon-logotipo-negro.png","contentUrl":"https:\/\/skoon.es\/wp-content\/uploads\/2022\/03\/skoon-logotipo-negro.png","width":200,"height":52,"caption":"Skoon, Power to your Knives"},"image":{"@id":"https:\/\/skoon.es\/en\/#\/schema\/logo\/image\/"}}]}},"_links":{"self":[{"href":"https:\/\/skoon.es\/en\/wp-json\/wp\/v2\/pages\/1061","targetHints":{"allow":["GET"]}}],"collection":[{"href":"https:\/\/skoon.es\/en\/wp-json\/wp\/v2\/pages"}],"about":[{"href":"https:\/\/skoon.es\/en\/wp-json\/wp\/v2\/types\/page"}],"author":[{"embeddable":true,"href":"https:\/\/skoon.es\/en\/wp-json\/wp\/v2\/users\/3"}],"replies":[{"embeddable":true,"href":"https:\/\/skoon.es\/en\/wp-json\/wp\/v2\/comments?post=1061"}],"version-history":[{"count":2,"href":"https:\/\/skoon.es\/en\/wp-json\/wp\/v2\/pages\/1061\/revisions"}],"predecessor-version":[{"id":1073,"href":"https:\/\/skoon.es\/en\/wp-json\/wp\/v2\/pages\/1061\/revisions\/1073"}],"wp:attachment":[{"href":"https:\/\/skoon.es\/en\/wp-json\/wp\/v2\/media?parent=1061"}],"curies":[{"name":"wp","href":"https:\/\/api.w.org\/{rel}","templated":true}]}}